{"id":11983,"date":"2023-12-15T19:13:28","date_gmt":"2023-12-15T22:13:28","guid":{"rendered":"https:\/\/peterissatti.com.br\/?page_id=11983"},"modified":"2025-11-21T15:28:53","modified_gmt":"2025-11-21T18:28:53","slug":"home_20223","status":"publish","type":"page","link":"https:\/\/peterissatti.com.br\/","title":{"rendered":"[Portada]"},"content":{"rendered":"<h2 class=\"section-title center\">SERVICIOS LINGU\u00cdSTICOS Y TALLERES<\/h2>\n\n\n<h2 class=\"section-title center\">CURRICULUM<\/h2>\n<p class=\"launch-wrap\"><a target=\"blank\" href=\"https:\/\/peterissatti.com.br\/wp-content\/uploads\/2025\/11\/Resume_Pete_Rissatti_2025_nov_EN.pdf\" class=\"button  \"><i class=\"pw-icon-doc-text\"><\/i>Curriculum en ingl\u00e9s<\/a><\/p>\n\n\n<div class=\"col-sm-3   col-lg-3\">\n<div class=\"service\"><i class=\"pw-icon-doc-text\"><\/i><\/p>\n<h4>Traducci\u00f3n<\/h4>\n<p>Traducci\u00f3n de obras de ficci\u00f3n y no ficci\u00f3n del ingl\u00e9s y alem\u00e1n al portugu\u00e9s brasile\u00f1o.<\/p>\n<\/div><\/div>\n\n\n<div class=\"col-sm-3   col-lg-3\">\n<div class=\"service\"><i class=\"pw-icon-eye\"><\/i><\/p>\n<h4>Lectura profesional<\/h4>\n<p>Lectura profesional y evaluaci\u00f3n de obras en ingl\u00e9s, alem\u00e1n, espa\u00f1ol y portugu\u00e9s.<\/p>\n<\/div><\/div><\/p>\n\n\n<div class=\"col-sm-3   col-lg-3\">\n<div class=\"service\"><i class=\"pw-icon-book-open\"><\/i><\/p>\n<h4>Revisi\u00f3n y copyediting<\/h4>\n<p>Revisi\u00f3n y copyediting de traducciones del ingl\u00e9s y alem\u00e1n al portugu\u00e9s brasile\u00f1o.<\/p>\n<\/div>\n<\/div>\n\n\n<div class=\"col-sm-3   col-lg-3\">\n<div class=\"service\"><i class=\"pw-icon-graduation-cap-1\"><\/i><\/p>\n<h4>Talleres<\/h4>\n<p>Talleres de traducci\u00f3n liter\u00e1ria, escritura y actualizaci\u00f3n gramatical.<\/p>\n<\/div><\/div>\n<p><\/p>\n\n\n<h2 class=\"section-title center\">AQU\u00cd USTED ENCUENTRA<\/h2>\n\n\n<div class=\"col-sm-2  col-md-2 \">\n<div class=\"fun-fact\"><i class=\"pw-icon-doc-alt\"><\/i><\/p>\n<h4>140+ libros traducidos del ingl\u00e9s y alem\u00e1n al portugu\u00e9s brasile\u00f1o<\/h4>\n<\/div><\/div>\n<div class=\"col-sm-4  col-md-2 \">\n<div class=\"fun-fact\"><i class=\"pw-icon-feather\"><\/i><\/p>\n<h4>120+ obras traducidas y publicadas de ficci\u00f3n y no ficci\u00f3n<\/h4>\n<\/div><\/div>\n<div class=\"col-sm-4  col-md-2 \">\n<div class=\"fun-fact\"><i class=\"pw-icon-pencil-alt\"><\/i><\/p>\n<h4>Participaci\u00f3n en eventos de traducci\u00f3n en Brasil y en el extranjero<\/h4>\n<\/div><\/div>\n<div class=\"col-sm-4  col-md-2 \">\n<div class=\"fun-fact\"><i class=\"pw-icon-graduation-cap\"><\/i><\/p>\n<h4>20 a\u00f1os dedicados al campo de traducci\u00f3n, especialmente a la traducci\u00f3n editorial<\/h4>\n<\/div><\/div>\n<div class=\"col-sm-4  col-md-2 \">\n<div class=\"fun-fact\"><i class=\"pw-icon-briefcase\"><\/i><\/p>\n<h4>10+ a\u00f1os de experiencia en cursos y talleres de traducci\u00f3n y escritura criativa<\/h4>\n<\/div><\/div>\n<div class=\"col-sm-4  col-md-2 \">\n<div class=\"fun-fact\"><i class=\"pw-icon-rss\"><\/i><\/p>\n<h4>Desde el a\u00f1o 2000 utilizando la tecnologia de traducci\u00f3n y la ense\u00f1anza de la traducci\u00f3n<\/h4>\n<\/div><\/div>\n\n\n<h2 class=\"section-title center\">ALGUNAS TRADUCCIONES<\/h2>\n\n\n<div class=\"owl-carousel owl-loading\" data-items=\"10\" data-loop=\"true\" data-center=\"true\" data-mouse-drag=\"true\" data-nav=\"true\" data-dots=\"true\" data-autoplay=\"true\" data-autoplay-speed=\"850\" data-autoplay-timeout=\"2000\" data-nav-prev-text=\"Prev\" data-nav-next-text=\"Next\">\n<div><img data-recalc-dims=\"1\" decoding=\"async\" alt=\"\" src=\"https:\/\/i0.wp.com\/peterissatti.com.br\/wp-content\/uploads\/2023\/10\/Montanhas.jpg?w=740&#038;ssl=1\"><\/div>\n<div><img data-recalc-dims=\"1\" decoding=\"async\" alt=\"\" src=\"https:\/\/i0.wp.com\/peterissatti.com.br\/wp-content\/uploads\/2023\/09\/Beco.jpg?w=740&#038;ssl=1\"><\/div>\n<div><img data-recalc-dims=\"1\" decoding=\"async\" alt=\"\" src=\"https:\/\/i0.wp.com\/peterissatti.com.br\/wp-content\/uploads\/2023\/08\/bibliotecaria.jpg?w=740&#038;ssl=1\"><\/div>\n<div><img data-recalc-dims=\"1\" decoding=\"async\" alt=\"\" src=\"https:\/\/i0.wp.com\/peterissatti.com.br\/wp-content\/uploads\/2023\/05\/Porta-Sussurrante-1.jpg?w=740&#038;ssl=1\"><\/div>\n<div><img data-recalc-dims=\"1\" decoding=\"async\" alt=\"\" src=\"https:\/\/i0.wp.com\/peterissatti.com.br\/wp-content\/uploads\/2023\/05\/Nova_Delany-1.jpg?w=740&#038;ssl=1\"><\/div>\n<div><img data-recalc-dims=\"1\" decoding=\"async\" alt=\"\" src=\"https:\/\/i0.wp.com\/peterissatti.com.br\/wp-content\/uploads\/2023\/05\/Livraria_Novo.jpg?w=740&#038;ssl=1\"><\/div>\n<div><img data-recalc-dims=\"1\" decoding=\"async\" alt=\"\" src=\"https:\/\/i0.wp.com\/peterissatti.com.br\/wp-content\/uploads\/2022\/10\/Keerkhoven.jpg?w=740&#038;ssl=1\"><\/div>\n<div><img data-recalc-dims=\"1\" decoding=\"async\" alt=\"\" src=\"https:\/\/i0.wp.com\/peterissatti.com.br\/wp-content\/uploads\/2021\/09\/Processo.jpg?w=740&#038;ssl=1\"><\/div>\n<div><img data-recalc-dims=\"1\" decoding=\"async\" alt=\"\" src=\"https:\/\/i0.wp.com\/peterissatti.com.br\/wp-content\/uploads\/2021\/01\/golem_site01_vitrine.png?w=740&#038;ssl=1\"><\/div>\n<div><img data-recalc-dims=\"1\" decoding=\"async\" alt=\"\" src=\"https:\/\/i0.wp.com\/peterissatti.com.br\/wp-content\/uploads\/2021\/01\/51KXvVFa2HL._SY346_.jpg?w=740&#038;ssl=1\"><\/div>\n<div><img data-recalc-dims=\"1\" decoding=\"async\" alt=\"\" src=\"https:\/\/i0.wp.com\/peterissatti.com.br\/wp-content\/uploads\/2020\/10\/41C1RuQEFUL.jpg?w=740&#038;ssl=1\"><\/div>\n<div><img data-recalc-dims=\"1\" decoding=\"async\" alt=\"\" src=\"https:\/\/i0.wp.com\/peterissatti.com.br\/wp-content\/uploads\/2019\/11\/bambi.png?w=740&#038;ssl=1\"><\/div>\n<div><img data-recalc-dims=\"1\" decoding=\"async\" alt=\"\" src=\"https:\/\/i0.wp.com\/peterissatti.com.br\/wp-content\/uploads\/2019\/10\/51-d68Gbl8L._SX316_BO1204203200_.jpg?w=740&#038;ssl=1\"><\/div>\n<div><img data-recalc-dims=\"1\" decoding=\"async\" alt=\"\" src=\"https:\/\/i0.wp.com\/peterissatti.com.br\/wp-content\/uploads\/2019\/03\/Screen-Shot-2019-03-31-at-13.20.04.png?w=740&#038;ssl=1\"><\/div>\n<\/div>\n\n\n\n<p><h2 class=\"section-title center\">ALGUNOS CLIENTES Y OFICINAS DE TRADUCCI\u00d3N<\/h2><\/p>\n\n\n<div class=\"wp-block-image\">\n<figure data-wp-context=\"{&quot;imageId&quot;:&quot;69ea2a6b4a647&quot;}\" data-wp-interactive=\"core\/image\" data-wp-key=\"69ea2a6b4a647\" class=\"aligncenter size-large is-resized wp-lightbox-container\"><img data-recalc-dims=\"1\" loading=\"lazy\" decoding=\"async\" width=\"740\" height=\"208\" data-wp-class--hide=\"state.isContentHidden\" data-wp-class--show=\"state.isContentVisible\" data-wp-init=\"callbacks.setButtonStyles\" data-wp-on--click=\"actions.showLightbox\" data-wp-on--load=\"callbacks.setButtonStyles\" data-wp-on-window--resize=\"callbacks.setButtonStyles\" src=\"https:\/\/i0.wp.com\/peterissatti.com.br\/wp-content\/uploads\/2023\/12\/Design-sem-nome.png?resize=740%2C208&#038;ssl=1\" alt=\"\" class=\"wp-image-11858\" style=\"object-fit:cover;width:1250px;height:300px\" srcset=\"https:\/\/i0.wp.com\/peterissatti.com.br\/wp-content\/uploads\/2023\/12\/Design-sem-nome.png?resize=1024%2C288&amp;ssl=1 1024w, https:\/\/i0.wp.com\/peterissatti.com.br\/wp-content\/uploads\/2023\/12\/Design-sem-nome.png?resize=300%2C85&amp;ssl=1 300w, https:\/\/i0.wp.com\/peterissatti.com.br\/wp-content\/uploads\/2023\/12\/Design-sem-nome.png?resize=768%2C216&amp;ssl=1 768w, https:\/\/i0.wp.com\/peterissatti.com.br\/wp-content\/uploads\/2023\/12\/Design-sem-nome.png?resize=1000%2C282&amp;ssl=1 1000w, https:\/\/i0.wp.com\/peterissatti.com.br\/wp-content\/uploads\/2023\/12\/Design-sem-nome.png?resize=500%2C141&amp;ssl=1 500w, https:\/\/i0.wp.com\/peterissatti.com.br\/wp-content\/uploads\/2023\/12\/Design-sem-nome.png?resize=1400%2C394&amp;ssl=1 1400w, https:\/\/i0.wp.com\/peterissatti.com.br\/wp-content\/uploads\/2023\/12\/Design-sem-nome.png?w=1420&amp;ssl=1 1420w\" sizes=\"auto, (max-width: 740px) 100vw, 740px\" \/><button\n\t\t\tclass=\"lightbox-trigger\"\n\t\t\ttype=\"button\"\n\t\t\taria-haspopup=\"dialog\"\n\t\t\taria-label=\"Agrandar\"\n\t\t\tdata-wp-init=\"callbacks.initTriggerButton\"\n\t\t\tdata-wp-on--click=\"actions.showLightbox\"\n\t\t\tdata-wp-style--right=\"state.imageButtonRight\"\n\t\t\tdata-wp-style--top=\"state.imageButtonTop\"\n\t\t>\n\t\t\t<svg xmlns=\"http:\/\/www.w3.org\/2000\/svg\" width=\"12\" height=\"12\" fill=\"none\" viewBox=\"0 0 12 12\">\n\t\t\t\t<path fill=\"#fff\" d=\"M2 0a2 2 0 0 0-2 2v2h1.5V2a.5.5 0 0 1 .5-.5h2V0H2Zm2 10.5H2a.5.5 0 0 1-.5-.5V8H0v2a2 2 0 0 0 2 2h2v-1.5ZM8 12v-1.5h2a.5.5 0 0 0 .5-.5V8H12v2a2 2 0 0 1-2 2H8Zm2-12a2 2 0 0 1 2 2v2h-1.5V2a.5.5 0 0 0-.5-.5H8V0h2Z\" \/>\n\t\t\t<\/svg>\n\t\t<\/button><\/figure>\n<\/div>","protected":false},"excerpt":{"rendered":"","protected":false},"author":1,"featured_media":0,"parent":0,"menu_order":0,"comment_status":"closed","ping_status":"closed","template":"","meta":{"jetpack_post_was_ever_published":false,"_locale":"es_ES","_original_post":"https:\/\/peterissatti.com.br\/?page_id=11740","footnotes":""},"class_list":["post-11983","page","type-page","status-publish","hentry","es-ES"],"jetpack_sharing_enabled":true,"jetpack_shortlink":"https:\/\/wp.me\/P7XO3z-37h","jetpack-related-posts":[],"_links":{"self":[{"href":"https:\/\/peterissatti.com.br\/wp-json\/wp\/v2\/pages\/11983","targetHints":{"allow":["GET"]}}],"collection":[{"href":"https:\/\/peterissatti.com.br\/wp-json\/wp\/v2\/pages"}],"about":[{"href":"https:\/\/peterissatti.com.br\/wp-json\/wp\/v2\/types\/page"}],"author":[{"embeddable":true,"href":"https:\/\/peterissatti.com.br\/wp-json\/wp\/v2\/users\/1"}],"replies":[{"embeddable":true,"href":"https:\/\/peterissatti.com.br\/wp-json\/wp\/v2\/comments?post=11983"}],"version-history":[{"count":6,"href":"https:\/\/peterissatti.com.br\/wp-json\/wp\/v2\/pages\/11983\/revisions"}],"predecessor-version":[{"id":12325,"href":"https:\/\/peterissatti.com.br\/wp-json\/wp\/v2\/pages\/11983\/revisions\/12325"}],"wp:attachment":[{"href":"https:\/\/peterissatti.com.br\/wp-json\/wp\/v2\/media?parent=11983"}],"curies":[{"name":"wp","href":"https:\/\/api.w.org\/{rel}","templated":true}]}}